{"id":224,"date":"2017-02-13T18:26:49","date_gmt":"2017-02-13T18:26:49","guid":{"rendered":"https:\/\/ahumada.es\/contacto"},"modified":"2025-06-18T11:06:59","modified_gmt":"2025-06-18T11:06:59","slug":"contacto","status":"publish","type":"page","link":"https:\/\/www.tunegocioonline.es\/index.php\/contacto\/","title":{"rendered":"Contacto"},"content":{"rendered":"<p>[et_pb_section fb_built=\u00bb1&#8243; admin_label=\u00bbsection\u00bb _builder_version=\u00bb4.16&#8243; background_color=\u00bb#b2ffdc\u00bb global_colors_info=\u00bb{}\u00bb][et_pb_row column_structure=\u00bb2_3,1_3&#8243; admin_label=\u00bbrow\u00bb _builder_version=\u00bb4.16&#8243; background_size=\u00bbinitial\u00bb background_position=\u00bbtop_left\u00bb background_repeat=\u00bbrepeat\u00bb global_colors_info=\u00bb{}\u00bb][et_pb_column type=\u00bb2_3&#8243; _builder_version=\u00bb4.16&#8243; custom_padding=\u00bb|||\u00bb global_colors_info=\u00bb{}\u00bb custom_padding__hover=\u00bb|||\u00bb][et_pb_code admin_label=\u00bbC\u00f3digo SCHEMA\u00bb _builder_version=\u00bb4.27.2&#8243; _module_preset=\u00bbdefault\u00bb global_colors_info=\u00bb{}\u00bb]<script type=\"application\/ld+json\"><!-- [et_pb_line_break_holder] -->{<!-- [et_pb_line_break_holder] -->  \"@context\": \"https:\/\/schema.org\",<!-- [et_pb_line_break_holder] -->  \"@type\": \"ContactPage\",<!-- [et_pb_line_break_holder] -->  \"name\": \"Contacto - Tu Negocio Online\",<!-- [et_pb_line_break_holder] -->  \"url\": \"https:\/\/www.tunegocioonline.es\/contacto\/\",<!-- [et_pb_line_break_holder] -->  \"description\": \"P\u00e1gina de contacto de Tu Negocio Online. Consulta sobre nuestros servicios TIC, WordPress, HCL Notes y formaci\u00f3n en ingl\u00e9s t\u00e9cnico para IT.\",<!-- [et_pb_line_break_holder] -->  \"provider\": {<!-- [et_pb_line_break_holder] -->    \"@type\": \"Organization\",<!-- [et_pb_line_break_holder] -->    \"name\": \"Tu Negocio Online\",<!-- [et_pb_line_break_holder] -->    \"url\": \"https:\/\/www.tunegocioonline.es\/\",<!-- [et_pb_line_break_holder] -->    \"logo\": \"http:\/\/tunegocioonline.es\/wp-content\/uploads\/2021\/02\/cropped-Logo_TuNegocioOnLine1.png\",<!-- [et_pb_line_break_holder] -->    \"address\": {<!-- [et_pb_line_break_holder] -->      \"@type\": \"PostalAddress\",<!-- [et_pb_line_break_holder] -->      \"streetAddress\": \"Avenida Julio Mart\u00ednez G\u00f3mez 10, Barrio El Cristo de Carasa\",<!-- [et_pb_line_break_holder] -->      \"addressLocality\": \"Junta de Voto\",<!-- [et_pb_line_break_holder] -->      \"postalCode\": \"39762\",<!-- [et_pb_line_break_holder] -->      \"addressRegion\": \"Cantabria\",<!-- [et_pb_line_break_holder] -->      \"addressCountry\": \"ES\"<!-- [et_pb_line_break_holder] -->    },<!-- [et_pb_line_break_holder] -->    \"contactPoint\": [<!-- [et_pb_line_break_holder] -->      {<!-- [et_pb_line_break_holder] -->        \"@type\": \"ContactPoint\",<!-- [et_pb_line_break_holder] -->        \"contactType\": \"customer support\",<!-- [et_pb_line_break_holder] -->        \"telephone\": \"+34-649-479-494\",<!-- [et_pb_line_break_holder] -->        \"email\": \"alejandro@ahumada.es\",<!-- [et_pb_line_break_holder] -->        \"availableLanguage\": [\"Spanish\", \"English\"],<!-- [et_pb_line_break_holder] -->        \"hoursAvailable\": [<!-- [et_pb_line_break_holder] -->          {<!-- [et_pb_line_break_holder] -->            \"@type\": \"OpeningHoursSpecification\",<!-- [et_pb_line_break_holder] -->            \"dayOfWeek\": [\"Monday\", \"Tuesday\", \"Wednesday\", \"Thursday\", \"Friday\"],<!-- [et_pb_line_break_holder] -->            \"opens\": \"10:00\",<!-- [et_pb_line_break_holder] -->            \"closes\": \"14:00\"<!-- [et_pb_line_break_holder] -->          },<!-- [et_pb_line_break_holder] -->          {<!-- [et_pb_line_break_holder] -->            \"@type\": \"OpeningHoursSpecification\",<!-- [et_pb_line_break_holder] -->            \"dayOfWeek\": [\"Monday\", \"Tuesday\", \"Wednesday\", \"Thursday\", \"Friday\"],<!-- [et_pb_line_break_holder] -->            \"opens\": \"16:00\",<!-- [et_pb_line_break_holder] -->            \"closes\": \"18:00\"<!-- [et_pb_line_break_holder] -->          }<!-- [et_pb_line_break_holder] -->        ]<!-- [et_pb_line_break_holder] -->      }<!-- [et_pb_line_break_holder] -->    ]<!-- [et_pb_line_break_holder] -->  },<!-- [et_pb_line_break_holder] -->  \"contactForm\": {<!-- [et_pb_line_break_holder] -->    \"@type\": \"WebForm\",<!-- [et_pb_line_break_holder] -->    \"url\": \"https:\/\/www.tunegocioonline.es\/contacto\/\",<!-- [et_pb_line_break_holder] -->    \"description\": \"Formulario de contacto para enviar consultas sobre servicios TIC, WordPress, HCL Notes y formaci\u00f3n en ingl\u00e9s t\u00e9cnico.\"<!-- [et_pb_line_break_holder] -->  },<!-- [et_pb_line_break_holder] -->  \"keywords\": \"Contacto Tu Negocio Online, Consultor\u00eda TIC, Desarrollo web WordPress, Soporte HCL Notes, Formaci\u00f3n en ingl\u00e9s para IT, Consultor\u00eda digital, Servicios inform\u00e1ticos, Contacto tecnolog\u00eda\"<!-- [et_pb_line_break_holder] -->}<!-- [et_pb_line_break_holder] --><\/script><!-- [et_pb_line_break_holder] -->[\/et_pb_code][et_pb_contact_form email=\u00bbalejandro@ahumada.es\u00bb title=\u00bbCont\u00e1ctenos\u00bb success_message=\u00bbGracias por contactarme. Dentro de poco me pondr\u00e9 en contacto con usted.\u00bb admin_label=\u00bbContact Form\u00bb _builder_version=\u00bb4.27.4&#8243; _unique_id=\u00bb8f439503-4dc0-4f0e-86d2-2b92e61a00e7&#8243; hover_enabled=\u00bb0&#8243; border_radii=\u00bbon|0px|0px|0px|0px\u00bb use_border_color=\u00bboff\u00bb global_colors_info=\u00bb{}\u00bb sticky_enabled=\u00bb0&#8243; use_spam_service=\u00bbon\u00bb recaptcha_list=\u00bbTuNegocioOnline-0&#8243;][et_pb_contact_field field_id=\u00bbNombre\u00bb field_title=\u00bbNombre\u00bb _builder_version=\u00bb4.16&#8243; form_field_font=\u00bb||||\u00bb use_border_color=\u00bboff\u00bb border_style=\u00bbsolid\u00bb global_colors_info=\u00bb{}\u00bb button_text_size__hover_enabled=\u00bboff\u00bb button_one_text_size__hover_enabled=\u00bboff\u00bb button_two_text_size__hover_enabled=\u00bboff\u00bb button_text_color__hover_enabled=\u00bboff\u00bb button_one_text_color__hover_enabled=\u00bboff\u00bb button_two_text_color__hover_enabled=\u00bboff\u00bb button_border_width__hover_enabled=\u00bboff\u00bb button_one_border_width__hover_enabled=\u00bboff\u00bb button_two_border_width__hover_enabled=\u00bboff\u00bb button_border_color__hover_enabled=\u00bboff\u00bb button_one_border_color__hover_enabled=\u00bboff\u00bb button_two_border_color__hover_enabled=\u00bboff\u00bb button_border_radius__hover_enabled=\u00bboff\u00bb button_one_border_radius__hover_enabled=\u00bboff\u00bb button_two_border_radius__hover_enabled=\u00bboff\u00bb button_letter_spacing__hover_enabled=\u00bboff\u00bb button_one_letter_spacing__hover_enabled=\u00bboff\u00bb button_two_letter_spacing__hover_enabled=\u00bboff\u00bb button_bg_color__hover_enabled=\u00bboff\u00bb button_one_bg_color__hover_enabled=\u00bboff\u00bb button_two_bg_color__hover_enabled=\u00bboff\u00bb] [\/et_pb_contact_field][et_pb_contact_field field_id=\u00bbCorreo-E\u00bb field_title=\u00bbDirecci\u00f3n de correo electr\u00f3nico\u00bb field_type=\u00bbemail\u00bb _builder_version=\u00bb4.16&#8243; form_field_font=\u00bb||||\u00bb use_border_color=\u00bboff\u00bb border_style=\u00bbsolid\u00bb global_colors_info=\u00bb{}\u00bb button_text_size__hover_enabled=\u00bboff\u00bb button_one_text_size__hover_enabled=\u00bboff\u00bb button_two_text_size__hover_enabled=\u00bboff\u00bb button_text_color__hover_enabled=\u00bboff\u00bb button_one_text_color__hover_enabled=\u00bboff\u00bb button_two_text_color__hover_enabled=\u00bboff\u00bb button_border_width__hover_enabled=\u00bboff\u00bb button_one_border_width__hover_enabled=\u00bboff\u00bb button_two_border_width__hover_enabled=\u00bboff\u00bb button_border_color__hover_enabled=\u00bboff\u00bb button_one_border_color__hover_enabled=\u00bboff\u00bb button_two_border_color__hover_enabled=\u00bboff\u00bb button_border_radius__hover_enabled=\u00bboff\u00bb button_one_border_radius__hover_enabled=\u00bboff\u00bb button_two_border_radius__hover_enabled=\u00bboff\u00bb button_letter_spacing__hover_enabled=\u00bboff\u00bb button_one_letter_spacing__hover_enabled=\u00bboff\u00bb button_two_letter_spacing__hover_enabled=\u00bboff\u00bb button_bg_color__hover_enabled=\u00bboff\u00bb button_one_bg_color__hover_enabled=\u00bboff\u00bb button_two_bg_color__hover_enabled=\u00bboff\u00bb] [\/et_pb_contact_field][et_pb_contact_field field_id=\u00bbMensaje\u00bb field_title=\u00bbMensaje\u00bb field_type=\u00bbtext\u00bb fullwidth_field=\u00bbon\u00bb _builder_version=\u00bb4.16&#8243; form_field_font=\u00bb||||\u00bb use_border_color=\u00bboff\u00bb border_style=\u00bbsolid\u00bb global_colors_info=\u00bb{}\u00bb button_text_size__hover_enabled=\u00bboff\u00bb button_one_text_size__hover_enabled=\u00bboff\u00bb button_two_text_size__hover_enabled=\u00bboff\u00bb button_text_color__hover_enabled=\u00bboff\u00bb button_one_text_color__hover_enabled=\u00bboff\u00bb button_two_text_color__hover_enabled=\u00bboff\u00bb button_border_width__hover_enabled=\u00bboff\u00bb button_one_border_width__hover_enabled=\u00bboff\u00bb button_two_border_width__hover_enabled=\u00bboff\u00bb button_border_color__hover_enabled=\u00bboff\u00bb button_one_border_color__hover_enabled=\u00bboff\u00bb button_two_border_color__hover_enabled=\u00bboff\u00bb button_border_radius__hover_enabled=\u00bboff\u00bb button_one_border_radius__hover_enabled=\u00bboff\u00bb button_two_border_radius__hover_enabled=\u00bboff\u00bb button_letter_spacing__hover_enabled=\u00bboff\u00bb button_one_letter_spacing__hover_enabled=\u00bboff\u00bb button_two_letter_spacing__hover_enabled=\u00bboff\u00bb button_bg_color__hover_enabled=\u00bboff\u00bb button_one_bg_color__hover_enabled=\u00bboff\u00bb button_two_bg_color__hover_enabled=\u00bboff\u00bb] [\/et_pb_contact_field][\/et_pb_contact_form][\/et_pb_column][et_pb_column type=\u00bb1_3&#8243; _builder_version=\u00bb4.<br \/>\n16&#8243; custom_padding=\u00bb|||\u00bb global_colors_info=\u00bb{}\u00bb custom_padding__hover=\u00bb|||\u00bb][et_pb_text admin_label=\u00bbText\u00bb _builder_version=\u00bb4.16&#8243; background_size=\u00bbinitial\u00bb background_position=\u00bbtop_left\u00bb background_repeat=\u00bbrepeat\u00bb use_border_color=\u00bboff\u00bb border_color=\u00bb#ffffff\u00bb border_style=\u00bbsolid\u00bb global_colors_info=\u00bb{}\u00bb]<\/p>\n<h3>M\u00e1s informaci\u00f3n<\/h3>\n<p>Le recomendamos utilizar el formulario de la izquierda para cualquier duda o pregunta, pero si quiere utilizar m\u00e9todos m\u00e1s tradicionales estos son nuestros datos de contacto.<\/p>\n<p><strong>Direcci\u00f3n:<\/strong>\u00a0Avenida Julio Mart\u00ednez G\u00f3mez 10,<\/p>\n<p>Barrio El Cristo de Carasa,<\/p>\n<p>39762 Junta de Voto<\/p>\n<p>Cantabria, Espa\u00f1a.<\/p>\n<p>&nbsp;<\/p>\n<p><strong>Tel\u00e9fono:<\/strong>\u00a0649479494<\/p>\n<p><strong>Horario:\u00a0<\/strong>10:00 a 14:00, \u00a016:00 a 18:00<\/p>\n<p>[\/et_pb_text][\/et_pb_column][\/et_pb_row][et_pb_row _builder_version=\u00bb4.16&#8243; background_size=\u00bbinitial\u00bb background_position=\u00bbtop_left\u00bb background_repeat=\u00bbrepeat\u00bb global_colors_info=\u00bb{}\u00bb][et_pb_column type=\u00bb4_4&#8243; _builder_version=\u00bb4.16&#8243; custom_padding=\u00bb|||\u00bb global_colors_info=\u00bb{}\u00bb custom_padding__hover=\u00bb|||\u00bb][et_pb_text _builder_version=\u00bb4.16&#8243; global_colors_info=\u00bb{}\u00bb]<\/p>\n<p style=\"text-align: center;\"><strong><a href=\"http:\/\/www.tunegocioonline.es\/politica-de-privacidad\/\">Pulse aqu\u00ed para ver la pol\u00edtica de privacidad<\/a><\/strong><\/p>\n<p>[\/et_pb_text][\/et_pb_column][\/et_pb_row][\/et_pb_section]<\/p>\n","protected":false},"excerpt":{"rendered":"<p>M\u00e1s informaci\u00f3n Le recomendamos utilizar el formulario de la izquierda para cualquier duda o pregunta, pero si quiere utilizar m\u00e9todos m\u00e1s tradicionales estos son nuestros datos de contacto. Direcci\u00f3n:\u00a0Avenida Julio Mart\u00ednez G\u00f3mez 10, Barrio El Cristo de Carasa, 39762 Junta de Voto Cantabria, Espa\u00f1a. &nbsp; Tel\u00e9fono:\u00a0649479494 Horario:\u00a010:00 a 14:00, \u00a016:00 a 18:00Pulse aqu\u00ed para ver [&hellip;]<\/p>\n","protected":false},"author":2,"featured_media":0,"parent":0,"menu_order":0,"comment_status":"closed","ping_status":"closed","template":"","meta":{"_et_pb_use_builder":"on","_et_pb_old_content":"","_et_gb_content_width":"","footnotes":""},"class_list":["post-224","page","type-page","status-publish","hentry"],"yoast_head":"<!-- This site is optimized with the Yoast SEO plugin v25.3 - https:\/\/yoast.com\/wordpress\/plugins\/seo\/ -->\n<title>Contacto<\/title>\n<meta name=\"description\" content=\"Formulario de contacto de ahumada.es\" \/>\n<meta name=\"robots\" content=\"index, follow, max-snippet:-1, max-image-preview:large, max-video-preview:-1\" \/>\n<link rel=\"canonical\" href=\"https:\/\/www.tunegocioonline.es\/index.php\/contacto\/\" \/>\n<meta property=\"og:locale\" content=\"es_ES\" \/>\n<meta property=\"og:type\" content=\"article\" \/>\n<meta property=\"og:title\" content=\"Contacto\" \/>\n<meta property=\"og:description\" content=\"Formulario de contacto de ahumada.es\" \/>\n<meta property=\"og:url\" content=\"https:\/\/www.tunegocioonline.es\/index.php\/contacto\/\" \/>\n<meta property=\"og:site_name\" content=\"Tu Negocio On Line\" \/>\n<meta property=\"article:modified_time\" content=\"2025-06-18T11:06:59+00:00\" \/>\n<meta name=\"twitter:card\" content=\"summary_large_image\" \/>\n<meta name=\"twitter:label1\" content=\"Tiempo de lectura\" \/>\n\t<meta name=\"twitter:data1\" content=\"1 minuto\" \/>\n<script type=\"application\/ld+json\" class=\"yoast-schema-graph\">{\"@context\":\"https:\/\/schema.org\",\"@graph\":[{\"@type\":\"WebPage\",\"@id\":\"https:\/\/www.tunegocioonline.es\/index.php\/contacto\/\",\"url\":\"https:\/\/www.tunegocioonline.es\/index.php\/contacto\/\",\"name\":\"Contacto\",\"isPartOf\":{\"@id\":\"https:\/\/www.tunegocioonline.es\/#website\"},\"datePublished\":\"2017-02-13T18:26:49+00:00\",\"dateModified\":\"2025-06-18T11:06:59+00:00\",\"description\":\"Formulario de contacto de ahumada.es\",\"breadcrumb\":{\"@id\":\"https:\/\/www.tunegocioonline.es\/index.php\/contacto\/#breadcrumb\"},\"inLanguage\":\"es\",\"potentialAction\":[{\"@type\":\"ReadAction\",\"target\":[\"https:\/\/www.tunegocioonline.es\/index.php\/contacto\/\"]}]},{\"@type\":\"BreadcrumbList\",\"@id\":\"https:\/\/www.tunegocioonline.es\/index.php\/contacto\/#breadcrumb\",\"itemListElement\":[{\"@type\":\"ListItem\",\"position\":1,\"name\":\"Home\",\"item\":\"https:\/\/www.tunegocioonline.es\/\"},{\"@type\":\"ListItem\",\"position\":2,\"name\":\"Contacto\"}]},{\"@type\":\"WebSite\",\"@id\":\"https:\/\/www.tunegocioonline.es\/#website\",\"url\":\"https:\/\/www.tunegocioonline.es\/\",\"name\":\"Tu Negocio On Line\",\"description\":\"\",\"potentialAction\":[{\"@type\":\"SearchAction\",\"target\":{\"@type\":\"EntryPoint\",\"urlTemplate\":\"https:\/\/www.tunegocioonline.es\/?s={search_term_string}\"},\"query-input\":{\"@type\":\"PropertyValueSpecification\",\"valueRequired\":true,\"valueName\":\"search_term_string\"}}],\"inLanguage\":\"es\"}]}<\/script>\n<!-- \/ Yoast SEO plugin. -->","yoast_head_json":{"title":"Contacto","description":"Formulario de contacto de ahumada.es","robots":{"index":"index","follow":"follow","max-snippet":"max-snippet:-1","max-image-preview":"max-image-preview:large","max-video-preview":"max-video-preview:-1"},"canonical":"https:\/\/www.tunegocioonline.es\/index.php\/contacto\/","og_locale":"es_ES","og_type":"article","og_title":"Contacto","og_description":"Formulario de contacto de ahumada.es","og_url":"https:\/\/www.tunegocioonline.es\/index.php\/contacto\/","og_site_name":"Tu Negocio On Line","article_modified_time":"2025-06-18T11:06:59+00:00","twitter_card":"summary_large_image","twitter_misc":{"Tiempo de lectura":"1 minuto"},"schema":{"@context":"https:\/\/schema.org","@graph":[{"@type":"WebPage","@id":"https:\/\/www.tunegocioonline.es\/index.php\/contacto\/","url":"https:\/\/www.tunegocioonline.es\/index.php\/contacto\/","name":"Contacto","isPartOf":{"@id":"https:\/\/www.tunegocioonline.es\/#website"},"datePublished":"2017-02-13T18:26:49+00:00","dateModified":"2025-06-18T11:06:59+00:00","description":"Formulario de contacto de ahumada.es","breadcrumb":{"@id":"https:\/\/www.tunegocioonline.es\/index.php\/contacto\/#breadcrumb"},"inLanguage":"es","potentialAction":[{"@type":"ReadAction","target":["https:\/\/www.tunegocioonline.es\/index.php\/contacto\/"]}]},{"@type":"BreadcrumbList","@id":"https:\/\/www.tunegocioonline.es\/index.php\/contacto\/#breadcrumb","itemListElement":[{"@type":"ListItem","position":1,"name":"Home","item":"https:\/\/www.tunegocioonline.es\/"},{"@type":"ListItem","position":2,"name":"Contacto"}]},{"@type":"WebSite","@id":"https:\/\/www.tunegocioonline.es\/#website","url":"https:\/\/www.tunegocioonline.es\/","name":"Tu Negocio On Line","description":"","potentialAction":[{"@type":"SearchAction","target":{"@type":"EntryPoint","urlTemplate":"https:\/\/www.tunegocioonline.es\/?s={search_term_string}"},"query-input":{"@type":"PropertyValueSpecification","valueRequired":true,"valueName":"search_term_string"}}],"inLanguage":"es"}]}},"_links":{"self":[{"href":"https:\/\/www.tunegocioonline.es\/index.php\/wp-json\/wp\/v2\/pages\/224","targetHints":{"allow":["GET"]}}],"collection":[{"href":"https:\/\/www.tunegocioonline.es\/index.php\/wp-json\/wp\/v2\/pages"}],"about":[{"href":"https:\/\/www.tunegocioonline.es\/index.php\/wp-json\/wp\/v2\/types\/page"}],"author":[{"embeddable":true,"href":"https:\/\/www.tunegocioonline.es\/index.php\/wp-json\/wp\/v2\/users\/2"}],"replies":[{"embeddable":true,"href":"https:\/\/www.tunegocioonline.es\/index.php\/wp-json\/wp\/v2\/comments?post=224"}],"version-history":[{"count":1,"href":"https:\/\/www.tunegocioonline.es\/index.php\/wp-json\/wp\/v2\/pages\/224\/revisions"}],"predecessor-version":[{"id":3497,"href":"https:\/\/www.tunegocioonline.es\/index.php\/wp-json\/wp\/v2\/pages\/224\/revisions\/3497"}],"wp:attachment":[{"href":"https:\/\/www.tunegocioonline.es\/index.php\/wp-json\/wp\/v2\/media?parent=224"}],"curies":[{"name":"wp","href":"https:\/\/api.w.org\/{rel}","templated":true}]}}